{"id":60,"date":"2017-06-11T17:21:17","date_gmt":"2017-06-11T17:21:17","guid":{"rendered":"http:\/\/vossalangrenn.no\/wordpress\/?page_id=60"},"modified":"2017-07-12T17:53:21","modified_gmt":"2017-07-12T17:53:21","slug":"rammeprogram","status":"publish","type":"page","link":"https:\/\/vossalangrenn.no\/?page_id=60","title":{"rendered":"Rammeprogram"},"content":{"rendered":"<p><a href=\"https:\/\/vossalangrenn.no\/wp-content\/uploads\/2017\/07\/Rammeprogram-langrenn-13-14-aar-haust-2014.pdf\">Rammeprogram langrenn 13-14 \u00e5r haust 2014<\/a><\/p>\n<p><a href=\"http:\/\/vossalangrenn.no\/wp-content\/uploads\/2017\/06\/Rammeprogram-langrenn-13-14aar-vaarsommar.pdf\">Rammeprogram langrenn 13-14\u00e5r v\u00e5r,sommar<\/a><\/p>\n<p><a href=\"http:\/\/vossalangrenn.no\/wp-content\/uploads\/2017\/06\/Rammeprogram-langrenn-13-14-aar-vinter-2015.pdf\">Rammeprogram langrenn 13-14 \u00e5r vinter<\/a><\/p>\n<p><a href=\"http:\/\/vossalangrenn.no\/wp-content\/uploads\/2017\/06\/Rammeprogram-langrenn-15-16-aar-vaarsommar.pdf\">Rammeprogram langrenn 15-16 \u00e5r v\u00e5r,sommar<\/a><\/p>\n<p><a href=\"http:\/\/vossalangrenn.no\/wordpress\/wp-content\/uploads\/2017\/06\/Rammeprogram-langrenn-15-16-\u00e5r-haust.pdf\">Rammeprogram langrenn 15-16 \u00e5r haust<\/a><\/p>\n<p><a href=\"http:\/\/vossalangrenn.no\/wp-content\/uploads\/2017\/06\/Rammeprogram-langrenn-15-16aar-vinter-2015.pdf\">Rammeprogram langrenn 15-16aar vinter<\/a><\/p>\n<p>&nbsp;<\/p>\n","protected":false},"excerpt":{"rendered":"<p>Rammeprogram langrenn 13-14 \u00e5r haust 2014 Rammeprogram langrenn 13-14\u00e5r v\u00e5r,sommar Rammeprogram langrenn 13-14 \u00e5r vinter Rammeprogram langrenn 15-16 \u00e5r v\u00e5r,sommar Rammeprogram langrenn 15-16 \u00e5r haust Rammeprogram langrenn 15-16aar vinter &nbsp;<\/p>\n","protected":false},"author":2,"featured_media":0,"parent":0,"menu_order":0,"comment_status":"closed","ping_status":"closed","template":"","meta":{"footnotes":""},"class_list":["post-60","page","type-page","status-publish","hentry"],"_links":{"self":[{"href":"https:\/\/vossalangrenn.no\/index.php?rest_route=\/wp\/v2\/pages\/60","targetHints":{"allow":["GET"]}}],"collection":[{"href":"https:\/\/vossalangrenn.no\/index.php?rest_route=\/wp\/v2\/pages"}],"about":[{"href":"https:\/\/vossalangrenn.no\/index.php?rest_route=\/wp\/v2\/types\/page"}],"author":[{"embeddable":true,"href":"https:\/\/vossalangrenn.no\/index.php?rest_route=\/wp\/v2\/users\/2"}],"replies":[{"embeddable":true,"href":"https:\/\/vossalangrenn.no\/index.php?rest_route=%2Fwp%2Fv2%2Fcomments&post=60"}],"version-history":[{"count":8,"href":"https:\/\/vossalangrenn.no\/index.php?rest_route=\/wp\/v2\/pages\/60\/revisions"}],"predecessor-version":[{"id":101,"href":"https:\/\/vossalangrenn.no\/index.php?rest_route=\/wp\/v2\/pages\/60\/revisions\/101"}],"wp:attachment":[{"href":"https:\/\/vossalangrenn.no\/index.php?rest_route=%2Fwp%2Fv2%2Fmedia&parent=60"}],"curies":[{"name":"wp","href":"https:\/\/api.w.org\/{rel}","templated":true}]}}