{"id":5,"date":"2017-01-03T20:54:40","date_gmt":"2017-01-03T20:54:40","guid":{"rendered":"http:\/\/vossalangrenn.no\/wordpress\/?page_id=5"},"modified":"2017-06-18T19:08:33","modified_gmt":"2017-06-18T19:08:33","slug":"velkomen-til-vossalangrenn","status":"publish","type":"page","link":"https:\/\/vossalangrenn.no\/","title":{"rendered":"Om Vossalangrenn"},"content":{"rendered":"<h4 class=\"art-postheader\">Vossalangrenn er eit team som skal fungera som eit samarbeidsorgan\/ sameige mellom Bj\u00f8rgum IL, Bulken IL, Eldar IL, IL Vargar, IL Viljar, Voss IL\u00a0,\u00d8rnar IL og skal fungera som eit supplement til det enkelte lag si eiga satsing og utvikling av langrennsporten p\u00e5 Voss.<\/h4>\n<div class=\"art-postcontent clearfix\">\n<div class=\"art-article\">\n<p><img loading=\"lazy\" decoding=\"async\" src=\"http:\/\/vossalangrenn.no\/images\/20150822_151524.jpg\" alt=\"20150822 151524\" width=\"551\" height=\"413\" \/><\/p>\n<p><em><strong>M\u00e5lgrupper og sportslege m\u00e5lsetjingar:<\/strong><\/em><\/p>\n<p>Vossalangrenn skal ha eigne trenarkrefter og skal arbeida for \u00e5 utvikla langrennsidretten i Voss med forsvarlege sportslege opplegg og med ut\u00f8varen i sentrum.<\/p>\n<p>M\u00e5lgruppa er aktive ut\u00f8varar i aldersgruppa fr\u00e5 13 \u00e5r\u00a0opp til senior\u00a0som er medlem i eitt av eigarlaga. Andre ut\u00f8varar kan delta mot \u00e5 betala treningsavgift.<\/p>\n<p>M\u00e5lsetjinga er \u00e5 gje ut\u00f8var eit treningsgrunnlag som er tilstrekkeleg til \u00e5 makta overgang til juniorniv\u00e5 og \u00e5 halde fram med konkurranseidrett samtidig med skulegang, anna utdanning og arbeid.<\/p>\n<p>Vossalangrenn skal herunder:<\/p>\n<p>* Skapa godt milj\u00f8, tryggleik og tillit i teamet<br \/>\n* F\u00e5 ut\u00f8varane til \u00e5 synast at ski og trening er kjekt, bl.a gjennom allsidig treningsaktivitetar.<br \/>\n* F\u00e5 fleire ut\u00f8vrar p\u00e5 trening og til \u00e5 konkurrera p\u00e5 ski<br \/>\n* Gje l\u00f8pare lyst og motivasjon til \u00e5 fortsetta med \u00e5 g\u00e5 p\u00e5 ski<br \/>\n* Utvikla sj\u00f8lvstendige ut\u00f8vare med omsyn til treningsl\u00e6re og konkurransef\u00f8rebuing<\/p>\n<p><strong>Verdigrunnlag:<br \/>\n<\/strong>Vossalangrenn skal arbeida for at ut\u00f8varar p\u00e5 alle niv\u00e5 gjennom aktiv samhandling skal gjera kvarandre gode. Dette skal gjennomf\u00f8rast ved \u00e5 fylgja prinsipp om rettferd, god sports\u00e5nd og lik merksemd til alle ut\u00f8varar.<\/p>\n<p>&nbsp;<\/p>\n<\/div>\n<\/div>\n","protected":false},"excerpt":{"rendered":"<p>Vossalangrenn er eit team som skal fungera som eit samarbeidsorgan\/ sameige mellom Bj\u00f8rgum IL, Bulken IL, Eldar IL, IL Vargar, IL Viljar, Voss IL\u00a0,\u00d8rnar IL og skal fungera som eit supplement til det enkelte lag si eiga satsing og utvikling av langrennsporten p\u00e5 Voss. M\u00e5lgrupper og sportslege m\u00e5lsetjingar: Vossalangrenn skal ha eigne trenarkrefter og skal [&hellip;]<\/p>\n","protected":false},"author":2,"featured_media":0,"parent":0,"menu_order":1,"comment_status":"closed","ping_status":"closed","template":"","meta":{"footnotes":""},"class_list":["post-5","page","type-page","status-publish","hentry"],"_links":{"self":[{"href":"https:\/\/vossalangrenn.no\/index.php?rest_route=\/wp\/v2\/pages\/5","targetHints":{"allow":["GET"]}}],"collection":[{"href":"https:\/\/vossalangrenn.no\/index.php?rest_route=\/wp\/v2\/pages"}],"about":[{"href":"https:\/\/vossalangrenn.no\/index.php?rest_route=\/wp\/v2\/types\/page"}],"author":[{"embeddable":true,"href":"https:\/\/vossalangrenn.no\/index.php?rest_route=\/wp\/v2\/users\/2"}],"replies":[{"embeddable":true,"href":"https:\/\/vossalangrenn.no\/index.php?rest_route=%2Fwp%2Fv2%2Fcomments&post=5"}],"version-history":[{"count":4,"href":"https:\/\/vossalangrenn.no\/index.php?rest_route=\/wp\/v2\/pages\/5\/revisions"}],"predecessor-version":[{"id":58,"href":"https:\/\/vossalangrenn.no\/index.php?rest_route=\/wp\/v2\/pages\/5\/revisions\/58"}],"wp:attachment":[{"href":"https:\/\/vossalangrenn.no\/index.php?rest_route=%2Fwp%2Fv2%2Fmedia&parent=5"}],"curies":[{"name":"wp","href":"https:\/\/api.w.org\/{rel}","templated":true}]}}