{"id":258,"date":"2019-09-11T06:42:52","date_gmt":"2019-09-11T06:42:52","guid":{"rendered":"http:\/\/www.vossalangrenn.no\/?page_id=258"},"modified":"2023-10-25T08:01:20","modified_gmt":"2023-10-25T08:01:20","slug":"vekselbankmolla","status":"publish","type":"page","link":"https:\/\/vossalangrenn.no\/?page_id=258","title":{"rendered":"Vekselbankm\u00f8lla"},"content":{"rendered":"<p>For booking av treningstid p\u00e5 Vekselbankm\u00f8lla p\u00e5 Voss Gymnas, trykk <a href=\"https:\/\/vossavinter.joomlasider.no\/\">HER<\/a><\/p>\n<p>NB: Voss gymnas disponerer m\u00f8lla p\u00e5 skuledagar i tida kl 08 &#8211; 15.30<\/p>\n<p>\u00c5rskort kr 1000,- Pr gong kr 200,-<\/p>\n<p>Betaling til Vipps 571071<\/p>\n<p><strong>NB! N\u00f8kkelkort hentar du no ut p\u00e5 Cirkel K.<\/strong><\/p>\n\n\n<p><\/p>\n","protected":false},"excerpt":{"rendered":"<p>For booking av treningstid p\u00e5 Vekselbankm\u00f8lla p\u00e5 Voss Gymnas, trykk HER NB: Voss gymnas disponerer m\u00f8lla p\u00e5 skuledagar i tida kl 08 &#8211; 15.30 \u00c5rskort kr 1000,- Pr gong kr 200,- Betaling til Vipps 571071 NB! N\u00f8kkelkort hentar du no ut p\u00e5 Cirkel K.<\/p>\n","protected":false},"author":2,"featured_media":0,"parent":0,"menu_order":0,"comment_status":"closed","ping_status":"closed","template":"","meta":{"footnotes":""},"class_list":["post-258","page","type-page","status-publish","hentry"],"_links":{"self":[{"href":"https:\/\/vossalangrenn.no\/index.php?rest_route=\/wp\/v2\/pages\/258","targetHints":{"allow":["GET"]}}],"collection":[{"href":"https:\/\/vossalangrenn.no\/index.php?rest_route=\/wp\/v2\/pages"}],"about":[{"href":"https:\/\/vossalangrenn.no\/index.php?rest_route=\/wp\/v2\/types\/page"}],"author":[{"embeddable":true,"href":"https:\/\/vossalangrenn.no\/index.php?rest_route=\/wp\/v2\/users\/2"}],"replies":[{"embeddable":true,"href":"https:\/\/vossalangrenn.no\/index.php?rest_route=%2Fwp%2Fv2%2Fcomments&post=258"}],"version-history":[{"count":5,"href":"https:\/\/vossalangrenn.no\/index.php?rest_route=\/wp\/v2\/pages\/258\/revisions"}],"predecessor-version":[{"id":309,"href":"https:\/\/vossalangrenn.no\/index.php?rest_route=\/wp\/v2\/pages\/258\/revisions\/309"}],"wp:attachment":[{"href":"https:\/\/vossalangrenn.no\/index.php?rest_route=%2Fwp%2Fv2%2Fmedia&parent=258"}],"curies":[{"name":"wp","href":"https:\/\/api.w.org\/{rel}","templated":true}]}}